{"id":3,"date":"2023-12-14T18:24:06","date_gmt":"2023-12-14T18:24:06","guid":{"rendered":"https:\/\/asian-corner.pl\/?page_id=3"},"modified":"2024-11-29T17:14:12","modified_gmt":"2024-11-29T17:14:12","slug":"polityka-prywatnosci","status":"publish","type":"page","link":"https:\/\/asian-corner.pl\/?page_id=3","title":{"rendered":"Polityka Prywatno\u015bci"},"content":{"rendered":"\n<p>Polityka prywatno\u015bci<br><strong>POSTANOWIENIA OG\u00d3LNE<br><\/strong>Administratorem danych osobowych zbieranych za po\u015brednictwem naszej strony internetowej,<br>telefonicznie, SMSem b\u0105d\u017a innymi \u015brodkami komunikacji jest firma INVE POLSKA Sp. z o.o. z<br>siedzib\u0105 w Sokolniki 197, 42-320 Niegowa, NIP: 577 199 90 62, REGON: 526134070. Ka\u017cda<br>osoba odwiedzaj\u0105ca serwisy internetowe Sp\u00f3\u0142ki, korzystaj\u0105ca z us\u0142ug serwis\u00f3w, jest informowana<br>o zasadach Polityki ochrony prywatno\u015bci, a tam, gdzie jest to niezb\u0119dne, akceptuje jej zasady<br>obowi\u0105zuj\u0105ce w Sp\u00f3\u0142ce. Dane osobowe zbierane przez Administratora za po\u015brednictwem strony<br>internetowejs\u0105 przetwarzane zgodnie z Rozporz\u0105dzeniem Parlamentu Europejskiego i Rady<br>(UE)2016\/679 z dnia 27 kwietnia 2016 zwane dalej RODO oraz ustaw\u0105 o ochronie danych<br>osobowych z dnia 10 maja 2018 r.<br>RODZAJ, CEL I ZAKRES ZBIERANIA DANYCH<\/p>\n\n\n\n<ol class=\"wp-block-list\">\n<li>RODZAJ<br>Szczeg\u00f3\u0142owe zakresy przetwarzanych danych mo\u017ce by\u0107 doprecyzowywane w wyniku dzia\u0142a\u0144<br>podejmowanych przez u\u017cytkownik\u00f3w w ramach funkcjonowania strony internetowej jak i<br>innych kana\u0142\u00f3w komunikacji z u\u017cytkownikami. U\u017cytkownicy mog\u0105 by\u0107 proszeni o podanie<br>dodatkowych danych osobowych pomocnych przy realizacji us\u0142ugi. Standardowe dane to:<br>a. Imi\u0119 i nazwisko,<br>b. Adres (zamieszkania),<br>c. Adres e-mail,<br>d. Numer telefonu,<br>e. NIP<\/li>\n\n\n\n<li>CELE<br>a. kontaktowanie si\u0119 ze Sp\u00f3\u0142k\u0105 w trakcie realizacji procesu zamawianie i realizacji us\u0142ugi w tym<br>wysy\u0142anie zapyta\u0144 poprzez serwisy Sp\u00f3\u0142ki<br>b. odwiedzanie serwis\u00f3w internetowych Sp\u00f3\u0142ki, takich jak: strona www.lingua-boutique.pl,<br>serwisy na r\u00f3\u017cnych social mediach<br>c. komunikacja marketingowa z wykorzystaniem elektronicznych kana\u0142\u00f3w komunikacji<br>d. realizacja proces\u00f3w rekrutacyjnych,<\/li>\n<\/ol>\n\n\n\n<p>e. nawi\u0105zywanie relacji i wsp\u00f3\u0142praca z zewn\u0119trznymi dostawcami us\u0142ug koniecznych do<br>dzia\u0142alno\u015bci Sp\u00f3\u0142ki.<br>OKRES ARCHIWIZACJI DANYCH OSOBOWYCH.<br>Dane przechowywane s\u0105 przez Administratora:<br>Je\u015bli podstaw\u0105 przetwarzania danych jest w\u0142a\u015bciwe wykonanie umowy,tak d\u0142ugo, jak jest to<br>niezb\u0119dne do wykonania umowy. Je\u017celi przepis o przedawnieniu roszcze\u0144 nie stanowi inaczej,<br>termin przedawnienia wynosi lat sze\u015b\u0107, a dla roszcze\u0144 o \u015bwiadczenia okresowe oraz roszcze\u0144<br>zwi\u0105zanych z prowadzeniemdzia\u0142alno\u015bci gospodarczej \u2013 trzy lata. Je\u015bli podstaw\u0105 przetwarzania<br>danych jest zgoda, dane osobowe przechowywane s\u0105 do odwo\u0142ania, a po odwo\u0142aniu zgody przez<br>okres czasu odpowiadaj\u0105cy okresowi przedawnienia roszcze\u0144 jakie mo\u017ce podnosi\u0107 Administrator<br>danych i jakie mog\u0105 by\u0107 podnoszone wobec Administratora. Je\u017celi przepis szczeg\u00f3lny nie<br>stanowi inaczej, termin przedawnienia wynosi sze\u015b\u0107 lat, a dla roszcze\u0144 o \u015bwiadczenia okresowe<br>oraz roszcze\u0144 zwi\u0105zanych z prowadzeniem dzia\u0142alno\u015bci gospodarczej \u2013 trzy lata. W trakcie<br>korzystania ze strony internetowej mog\u0105 by\u0107 pobierane inne informacje, w tym szczeg\u00f3lnie: adres<br>IP przypisany do komputera u\u017cytkownika lub zewn\u0119trzny adres IP dostawcy Internetu, nazwa<br>domeny, rodzaj przegl\u0105darki, czas dost\u0119pu, typ systemu operacyjnego. Mo\u017ce mie\u0107 miejsce<br>gromadzenie danych nawigacyjnych, w tym informacje o linkach i odno\u015bnikach, w kt\u00f3re<br>zdecyduj\u0105 si\u0119 klikn\u0105\u0107 lub innych czynno\u015bciach, podejmowanych na stronie internetowej.<br>Podanie danych osobowych przez u\u017cytkownika jest dobrowolne.<br>UDOST\u0118PNIENIE DANYCH OSOBOWYCH<br>Dane osobowe u\u017cytkownik\u00f3w s\u0105 przekazywane firmom kooperuj\u0105cym w zakresie dostawy us\u0142ug,<br>z kt\u00f3rych korzysta Administrator przy prowadzeniu strony internetowej. Dane osobowe<br>u\u017cytkownik\u00f3w s\u0105 przechowywane wy\u0142\u0105cznie na terenie Europejskiego Obszaru Gospodarczego<br>(EOG).<br>PRAWO WGL\u0104DU I POPRAWIANIA DANYCH<br>Ka\u017cdy ma prawo dost\u0119pu do tre\u015bci swoich danych osobowych, sprostowania ich, usuni\u0119cia,<br>ograniczenia przetwarzania, przenoszenia danych, wniesienia sprzeciwu, cofni\u0119cia zgody w<br>ka\u017cdym momencie. W celu realizacji tych uprawnie\u0144 mo\u017cna wys\u0142a\u0107 stosown\u0105 wiadomo\u015b\u0107 e-mail<br>na adres: office@lingua-boutique.pl<br>W sytuacji wyst\u0105pienia przez u\u017cytkownika z uprawnieniem wynikaj\u0105cym z powy\u017cszych praw,<br>Administrator spe\u0142nia \u017c\u0105danie albo odmawia jego spe\u0142nienia niezw\u0142ocznie, nie p\u00f3\u017aniej jednak ni\u017c w<br>ci\u0105gu miesi\u0105ca po jego otrzymaniu. Je\u017celi jednak \u2013 z uwagi na skomplikowany charakter \u017c\u0105dania<br>lub liczb\u0119 \u017c\u0105da\u0144 \u2013 Administrator nie b\u0119dzie m\u00f3g\u0142 spe\u0142ni\u0107 \u017c\u0105dania w ci\u0105gu miesi\u0105ca, spe\u0142ni je w<br>ci\u0105gu kolejnych dw\u00f3ch miesi\u0119cy informuj\u0105c u\u017cytkownika uprzednio w terminie miesi\u0105ca od<br>otrzymania \u017c\u0105dania \u2013 o zamierzonym przed\u0142u\u017ceniu terminu oraz jego przyczynach. W przypadku<br>stwierdzenia naruszenia przepis\u00f3w RODO, osoba, kt\u00f3rej dane dotycz\u0105, ma prawo wnie\u015b\u0107 skarg\u0119<br>do Prezesa Urz\u0119du Ochrony Danych Osobowych.<br>PLIKI \u201eCOOKIES\u201d<br>Strona Administratora u\u017cywa plik\u00f3w \u201ecookies\u201d. Ich instalacja jest konieczna do prawid\u0142owego<br>\u015bwiadczenia us\u0142ug na stronie internetowej. Pliki \u201ecookies\u201d zawieraj\u0105 nformacje niezb\u0119dne do<br>prawid\u0142owego funkcjonowania strony. W ramach strony stosowane s\u0105 rodzaje plik\u00f3w \u201ecookies\u201d:<br>sesyjne i sta\u0142e. \u201eCookies\u201d \u201esesyjne\u201d to pliki tymczasowe, kt\u00f3re przechowywane s\u0105 urz\u0105dzeniu<br>ko\u0144cowym u\u017cytkownika do czasu wylogowania (opuszczenia strony). Sta\u0142e\u201d pliki \u201ecookies\u201d<br>przechowywane s\u0105 w urz\u0105dzeniu ko\u0144cowym u\u017cytkownika przez czas okre\u015blony w ich<br>parametrach lub do czasu ich usuni\u0119cia przez u\u017cytkownika. Administrator wykorzystuje w\u0142asne<br>pliki cookies w celu lepszego poznania sposobu interakcji u\u017cytkownika w zakresie zawarto\u015bci<br>strony. Pliki gromadz\u0105 informacje o sposobie korzystania ze strony internetowej przez<br>u\u017cytkownika. Informacje te nie rejestruj\u0105 danych osobowych u\u017cytkownika, s\u0142u\u017c\u0105 jedynie do<br>opracowania statystyk korzystania ze strony. U\u017cytkownik ma prawo zadecydowania co do<br>zakresu dost\u0119pu plik\u00f3w \u201ecookies\u201d do swojego komputera poprzez ich uprzedni wyb\u00f3r w oknie<br>swojej przegl\u0105darki. Informacje o plik\u00f3w \u201ecookies\u201d dost\u0119pne s\u0105 w ustawieniach oprogramowania<br>(przegl\u0105darki internetowej).<br>POSTANOWIENIA KO\u0143COWE<br>Administrator u\u017cywa \u015brodk\u00f3w technicznych zapewniaj\u0105c ochron\u0119 przetwarzanych danych<br>osobowych odpowiedni\u0105 do zagro\u017ce\u0144 oraz kategorii danych obj\u0119tych ochron\u0105, a w szczeg\u00f3lno\u015bci<br>zabezpiecza dane przed ich udost\u0119pnieniem osobom nieupowa\u017cnionym, zabraniem przez osob\u0119<br>nieuprawnion\u0105, przetwarzaniem ich z naruszeniem obowi\u0105zuj\u0105cych przepis\u00f3w oraz zmianami,<br>utrat\u0105, uszkodzeniem lub zniszczeniem. Administrator udost\u0119pnia odpowiednie \u015brodki techniczne<br>zapobiegaj\u0105ce pozyskiwaniu i modyfikowaniu przez osoby nieuprawnione, danych osobowych<br>przesy\u0142anych drog\u0105 elektroniczn\u0105. W sprawach nieuregulowanych niniejsz\u0105 Polityk\u0105 prywatno\u015bci<br>stosuje si\u0119 odpowiednio przepisy RODO oraz inne w\u0142a\u015bciwe przepisy prawa polskiego.<\/p>\n","protected":false},"excerpt":{"rendered":"<p>Polityka prywatno\u015bciPOSTANOWIENIA OG\u00d3LNEAdministratorem danych osobowych zbieranych za po\u015brednictwem naszej strony internetowej,telefonicznie, SMSem b\u0105d\u017a innymi \u015brodkami komunikacji jest firma INVE POLSKA Sp. z o.o. zsiedzib\u0105 w Sokolniki 197, 42-320 Niegowa, NIP: 577 199 90 62, REGON: 526134070. Ka\u017cdaosoba odwiedzaj\u0105ca serwisy internetowe Sp\u00f3\u0142ki, korzystaj\u0105ca z us\u0142ug serwis\u00f3w, jest informowanao zasadach Polityki ochrony prywatno\u015bci, a tam, gdzie jest [&hellip;]<\/p>\n","protected":false},"author":1,"featured_media":0,"parent":0,"menu_order":0,"comment_status":"closed","ping_status":"open","template":"","meta":{"site-sidebar-layout":"no-sidebar","site-content-layout":"","ast-site-content-layout":"normal-width-container","site-content-style":"default","site-sidebar-style":"default","ast-global-header-display":"","ast-banner-title-visibility":"","ast-main-header-display":"","ast-hfb-above-header-display":"","ast-hfb-below-header-display":"","ast-hfb-mobile-header-display":"","site-post-title":"","ast-breadcrumbs-content":"","ast-featured-img":"","footer-sml-layout":"","theme-transparent-header-meta":"disabled","adv-header-id-meta":"","stick-header-meta":"disabled","header-above-stick-meta":"","header-main-stick-meta":"","header-below-stick-meta":"","astra-migrate-meta-layouts":"set","ast-page-background-enabled":"default","ast-page-background-meta":{"desktop":{"background-color":"var(--ast-global-color-4)","background-image":"","background-repeat":"repeat","background-position":"center center","background-size":"auto","background-attachment":"scroll","background-type":"","background-media":"","overlay-type":"","overlay-color":"","overlay-gradient":""},"tablet":{"background-color":"","background-image":"","background-repeat":"repeat","background-position":"center center","background-size":"auto","background-attachment":"scroll","background-type":"","background-media":"","overlay-type":"","overlay-color":"","overlay-gradient":""},"mobile":{"background-color":"","background-image":"","background-repeat":"repeat","background-position":"center center","background-size":"auto","background-attachment":"scroll","background-type":"","background-media":"","overlay-type":"","overlay-color":"","overlay-gradient":""}},"ast-content-background-meta":{"desktop":{"background-color":"var(--ast-global-color-5)","background-image":"","background-repeat":"repeat","background-position":"center center","background-size":"auto","background-attachment":"scroll","background-type":"","background-media":"","overlay-type":"","overlay-color":"","overlay-gradient":""},"tablet":{"background-color":"var(--ast-global-color-5)","background-image":"","background-repeat":"repeat","background-position":"center center","background-size":"auto","background-attachment":"scroll","background-type":"","background-media":"","overlay-type":"","overlay-color":"","overlay-gradient":""},"mobile":{"background-color":"var(--ast-global-color-5)","background-image":"","background-repeat":"repeat","background-position":"center center","background-size":"auto","background-attachment":"scroll","background-type":"","background-media":"","overlay-type":"","overlay-color":"","overlay-gradient":""}},"footnotes":""},"class_list":["post-3","page","type-page","status-publish","hentry"],"_links":{"self":[{"href":"https:\/\/asian-corner.pl\/index.php?rest_route=\/wp\/v2\/pages\/3","targetHints":{"allow":["GET"]}}],"collection":[{"href":"https:\/\/asian-corner.pl\/index.php?rest_route=\/wp\/v2\/pages"}],"about":[{"href":"https:\/\/asian-corner.pl\/index.php?rest_route=\/wp\/v2\/types\/page"}],"author":[{"embeddable":true,"href":"https:\/\/asian-corner.pl\/index.php?rest_route=\/wp\/v2\/users\/1"}],"replies":[{"embeddable":true,"href":"https:\/\/asian-corner.pl\/index.php?rest_route=%2Fwp%2Fv2%2Fcomments&post=3"}],"version-history":[{"count":2,"href":"https:\/\/asian-corner.pl\/index.php?rest_route=\/wp\/v2\/pages\/3\/revisions"}],"predecessor-version":[{"id":1646,"href":"https:\/\/asian-corner.pl\/index.php?rest_route=\/wp\/v2\/pages\/3\/revisions\/1646"}],"wp:attachment":[{"href":"https:\/\/asian-corner.pl\/index.php?rest_route=%2Fwp%2Fv2%2Fmedia&parent=3"}],"curies":[{"name":"wp","href":"https:\/\/api.w.org\/{rel}","templated":true}]}}