{"id":2,"date":"2023-12-14T18:24:06","date_gmt":"2023-12-14T18:24:06","guid":{"rendered":"https:\/\/asian-corner.pl\/?page_id=2"},"modified":"2024-12-16T06:24:09","modified_gmt":"2024-12-16T06:24:09","slug":"regulamin","status":"publish","type":"page","link":"https:\/\/asian-corner.pl\/?page_id=2","title":{"rendered":"Regulamin"},"content":{"rendered":"\n<p>Poni\u017cszy regulamin okre\u015bla warunki oraz spos\u00f3b organizowania zaj\u0119\u0107 przez platform\u0119 do nauki j\u0119zyk\u00f3w obcych online w ASIAN CORNER i stanowi integralny element oferty. Rozpocz\u0119cie nauki (pierwsza lekcja) jest r\u00f3wnoznaczne z akceptacj\u0105 regulaminu.<\/p>\n\n\n\n<p>Definicje<\/p>\n\n\n\n<p><strong>Wykonawca<\/strong><\/p>\n\n\n\n<p>wykonawc\u0105 zaj\u0119\u0107 j\u0119zykowych online jest firma INVE POLSKA Sp. z o.o., NIP: 5771999062, REGON: 526134070, z siedzib\u0105 w Sokolniki 197, 42-320 Niegowa.<\/p>\n\n\n\n<p><strong>Student<\/strong><\/p>\n\n\n\n<p>Osoba doros\u0142a lub dziecko (przyst\u0119puj\u0105ce do nauki pod opiek\u0105 rodzica lub opiekuna prawnego), lub pracownik lub inna osoba oddelegowana przez firm\u0119 do nauki, kt\u00f3rzy przyst\u0119puj\u0105 do pierwszej lekcji online.<\/p>\n\n\n\n<p><strong>Cennik<\/strong><\/p>\n\n\n\n<p>Kwoty podane w polskich z\u0142otych okre\u015blaj\u0105ce odp\u0142atno\u015b\u0107 za zaj\u0119cia 60-minutowe w zale\u017cno\u015bci od tego czy s\u0105 to zaj\u0119cia indywidualne, grupowe, zaj\u0119cia z native speakerem i inne, zamieszczone na podstronie CENNIK.<\/p>\n\n\n\n<ol class=\"wp-block-list\">\n<li>Zakres oferowanych us\u0142ug.<\/li>\n<\/ol>\n\n\n\n<p>1.1. Wykonawca prowadzi zaj\u0119cia j\u0119zykowe przez internet. Zaj\u0119cia maj\u0105 charakter indywidualny lub grupowy. Zaj\u0119cia przeprowadzane s\u0105 ci\u0105gle przez ca\u0142y rok, z mo\u017cliwo\u015bci\u0105 przerw w zale\u017cno\u015bci od potrzeb i decyzji studenta.<\/p>\n\n\n\n<p>1.2. Ka\u017cdy ucze\u0144 rozpoczyna nauk\u0119 pierwsz\u0105 60-minutow\u0105 lekcj\u0105 (p\u0142atna wg. cennika) po kt\u00f3rej podejmuje decyzj\u0119 o dalszej nauce. Lekcja ta po wst\u0119pnym rozpoznaniu poziomu ucznia i ustaleniu strategii jest faktycznym rozpocz\u0119ciem nauki bez zb\u0119dnych formalno\u015bci.<\/p>\n\n\n\n<p>1.3. Zaj\u0119cia prowadzone s\u0105 przez internet przez wykwalifikowanego lektora.<\/p>\n\n\n\n<p>1.4. Zaj\u0119cia trwaj\u0105 60-minut. Mo\u017cliwe s\u0105 modyfikacje d\u0142ugo\u015bci trwania zaj\u0119\u0107 w zale\u017cno\u015bci od specyfiki ucznia lub danej grupy.<\/p>\n\n\n\n<p>1.5 Wykonawca zawiera ze studentem ustn\u0105 umow\u0119 prowadzenia zaj\u0119\u0107 w kt\u00f3rej obowi\u0105zuj\u0105 warunki zawarte w niniejszym regulaminie.<\/p>\n\n\n\n<p>2. Organizacja zaj\u0119\u0107<\/p>\n\n\n\n<p>2.1. Dni i godziny zaj\u0119\u0107 ustalane s\u0105 indywidualnie na podstawie preferencji ucznia z dostosowaniem do grafika lektora. Na bie\u017c\u0105co grafik zaj\u0119\u0107 mo\u017ce by\u0107 ustalany bezpo\u015brednio z lektorem.<\/p>\n\n\n\n<p>2.2. Student ma prawo odwo\u0142a\u0107 zaj\u0119cia z wyprzedzeniem nie mniejszym ni\u017c 24-godziny. Odwo\u0142anie zaj\u0119\u0107 mo\u017ce mie\u0107 miejsce nie cz\u0119\u015bciej ni\u017c raz na dwa miesi\u0105ce (lub na miesi\u0105c w przypadku student\u00f3w maj\u0105cych dwie lub wi\u0119cej godzin w tygodniu). Odwo\u0142anie zaj\u0119\u0107 p\u00f3\u017aniej nie jest skuteczne i zobowi\u0105zuje studenta do op\u0142acenia tej lekcji. Lektor w tym czasie jest ca\u0142y czas dost\u0119pny dla tej osoby i przesy\u0142a uczniowi materia\u0142y do nauki. Student w takiej sytuacji ma prawo \u201cwys\u0142a\u0107\u201d na zaj\u0119cia inn\u0105 osob\u0119, np: rodze\u0144stwo, rodzica, dziecko, koleg\u0119 w ramach nauczanego j\u0119zyka. Ustanowienie kontaktu mi\u0119dzy osob\u0105 zast\u0119puj\u0105c\u0105 a lektorem jest po stronie studenta.<\/p>\n\n\n\n<p>2.3. Sp\u00f3\u017anienie lektora lub prze\u0142o\u017cenie zaj\u0119\u0107 (w naszej platformie j\u0119zykowej co do zasady nie powinno mie\u0107 miejsca poza wypadkami wyj\u0105tkowymi, poniewa\u017c wsp\u00f3\u0142pracujemy jedynie ze sprawdzonymi fachowcami) podlega odrobieniu w innym terminie, chyba, \u017ce lektor zg\u0142osi\u0142 to uczniowi na min. 24 godziny przed lekcj\u0105. Student nie ponosi z tego powodu \u017cadnych koszt\u00f3w. O sp\u00f3\u017anieniu lektora nale\u017cy niezw\u0142ocznie poinformowa\u0107 wykonawc\u0119 pod nr tel.791 112 560 (sms) lub e-mailem&nbsp;<a href=\"mailto:biuro@asian-corner.pl\">biuro@asian-corner.pl<\/a><\/p>\n\n\n\n<p>2.4. Student ma prawo do rezygnacji lub przerwania nauki na jaki\u015b czas w dowolnym momencie z zachowaniem min. 24-godzinnego terminu zg\u0142oszenia tego faktu wykonawcy SMS-em na numer 791-112-560 lub emailem na office@lingua-boutique.pl<\/p>\n\n\n\n<p>2.5. Student ma prawo do zmiany lektora (jest to wr\u0119cz zalecane po przepracowaniu d\u0142u\u017cszego czasu z jednym lektorem) lub wniesieniu reklamacji lub skargi na lektora w przypadku niesatysfakcjonuj\u0105cej pracy lektora.<\/p>\n\n\n\n<p>2.6. Student ma prawo zmieni\u0107 j\u0119zyk nauki w ka\u017cdym momencie nauki.<\/p>\n\n\n\n<p>2.7. Student ma prawo do otrzymania zast\u0119pstwa na czas przerwy w nauce przez lektora (urlop, przerwa w nauce itp.)<\/p>\n\n\n\n<p>2.8. Materia\u0142y dydaktyczne zapewniaj\u0105 lektorzy w zale\u017cno\u015bci od potrzeb. Uczniom proponowane s\u0105 materia\u0142y w formie film\u00f3w video dost\u0119pnych na naszym kanale Youtube i innych social mediach.<\/p>\n\n\n\n<p>2.9. W razie problem\u00f3w technicznych po stronie studenta maj\u0105 zastosowanie zasady opisane w podpunkcie 2.2.<\/p>\n\n\n\n<p>2.10. W przypadku problem\u00f3w technicznych po stronie lektora lub w przypadku np awarii internetu (np messenger, google, Skype lub inna platforma na kt\u00f3rej odbywane s\u0105 zaj\u0119cia ma awari\u0119) lekcja jest odrabiana w innym terminie po jego uzgodnieniu mi\u0119dzy studentem a lektorem.<\/p>\n\n\n\n<p>2.11. Na koniec nauki u nas (co najmniej rok nauki) jest mo\u017cliwe otrzymanie naszego wewn\u0119trznego certyfikatu stwierdzaj\u0105cego poziom kompetencji j\u0119zykowych stwierdzony przez lektora.<\/p>\n\n\n\n<p>2.12. Nie prowadzimy zaj\u0119\u0107 w NIEDZIELE i DNI \u015aWI\u0104TECZNE<\/p>\n\n\n\n<p>3. P\u0142atno\u015bci<\/p>\n\n\n\n<p>3.1. P\u0142atno\u015bci dokonywane s\u0105 po przeprowadzonych zaj\u0119ciach przelewem na konto bankowe na podstawie rozliczenia !!!!!!!!! ( 12 1020 1664 0000 3702 0709 6805) lub faktury otrzymywanej od wykonawcy na koniec miesi\u0105ca za pomoc\u0105 emaila, sms-a lub messengera.<\/p>\n\n\n\n<p>4. Wymagania systemowe<\/p>\n\n\n\n<p>4.1. Aby poprawnie przeprowadzi\u0107 zaj\u0119cia online student musi posiada\u0107 komputer lub telefon z dost\u0119pem do internetu w jako\u015bci pozwalaj\u0105cej na bezproblemowe przeprowadzenie zaj\u0119\u0107 z kamer\u0105.<\/p>\n\n\n\n<p>5. Postanowienia ko\u0144cowe<\/p>\n\n\n\n<p>5.1 Wykonawca zastrzega sobie prawo do zmiany tre\u015bci niniejszego regulaminu bez wcze\u015bniejszego poinformowania czy podania przyczyny.<\/p>\n\n\n\n<p>5.2. Wykonawca zastrzega sobie prawo do zmiany lektora po uprzednim poinformowaniu studenta.<\/p>\n\n\n\n<p>5.3. Wykonawca zastrzega sobie prawo do zako\u0144czenia wsp\u00f3\u0142pracy ze studentem w przypadku powtarzaj\u0105cych si\u0119 uci\u0105\u017cliwo\u015bci i problem\u00f3w we wsp\u00f3\u0142pracy.<\/p>\n\n\n\n<p>5.4. Comiesi\u0119czne wp\u0142aty na konto bankowe z tytu\u0142u przeprowadzonych zaj\u0119\u0107 s\u0105 jednocze\u015bnie potwierdzeniem, \u017ce zaj\u0119cia odby\u0142y si\u0119 w spos\u00f3b prawid\u0142owy i student nie ro\u015bci sobie \u017cadnych praw do reklamacji co do poprawno\u015bci przeprowadzonych zaj\u0119\u0107.<\/p>\n\n\n\n<p>5. Ochrona danych osobowych student\u00f3w odbywa si\u0119 zgodnie z informacjami podanymi na naszej stronie w Polityce Prywatno\u015bci.<\/p>\n","protected":false},"excerpt":{"rendered":"<p>Poni\u017cszy regulamin okre\u015bla warunki oraz spos\u00f3b organizowania zaj\u0119\u0107 przez platform\u0119 do nauki j\u0119zyk\u00f3w obcych online w ASIAN CORNER i stanowi integralny element oferty. Rozpocz\u0119cie nauki (pierwsza lekcja) jest r\u00f3wnoznaczne z akceptacj\u0105 regulaminu. Definicje Wykonawca wykonawc\u0105 zaj\u0119\u0107 j\u0119zykowych online jest firma INVE POLSKA Sp. z o.o., NIP: 5771999062, REGON: 526134070, z siedzib\u0105 w Sokolniki 197, 42-320 [&hellip;]<\/p>\n","protected":false},"author":1,"featured_media":0,"parent":0,"menu_order":0,"comment_status":"closed","ping_status":"open","template":"","meta":{"site-sidebar-layout":"no-sidebar","site-content-layout":"","ast-site-content-layout":"normal-width-container","site-content-style":"default","site-sidebar-style":"default","ast-global-header-display":"","ast-banner-title-visibility":"","ast-main-header-display":"","ast-hfb-above-header-display":"","ast-hfb-below-header-display":"","ast-hfb-mobile-header-display":"","site-post-title":"","ast-breadcrumbs-content":"","ast-featured-img":"","footer-sml-layout":"","theme-transparent-header-meta":"disabled","adv-header-id-meta":"","stick-header-meta":"disabled","header-above-stick-meta":"","header-main-stick-meta":"","header-below-stick-meta":"","astra-migrate-meta-layouts":"set","ast-page-background-enabled":"default","ast-page-background-meta":{"desktop":{"background-color":"var(--ast-global-color-4)","background-image":"","background-repeat":"repeat","background-position":"center center","background-size":"auto","background-attachment":"scroll","background-type":"","background-media":"","overlay-type":"","overlay-color":"","overlay-gradient":""},"tablet":{"background-color":"","background-image":"","background-repeat":"repeat","background-position":"center center","background-size":"auto","background-attachment":"scroll","background-type":"","background-media":"","overlay-type":"","overlay-color":"","overlay-gradient":""},"mobile":{"background-color":"","background-image":"","background-repeat":"repeat","background-position":"center center","background-size":"auto","background-attachment":"scroll","background-type":"","background-media":"","overlay-type":"","overlay-color":"","overlay-gradient":""}},"ast-content-background-meta":{"desktop":{"background-color":"var(--ast-global-color-5)","background-image":"","background-repeat":"repeat","background-position":"center center","background-size":"auto","background-attachment":"scroll","background-type":"","background-media":"","overlay-type":"","overlay-color":"","overlay-gradient":""},"tablet":{"background-color":"var(--ast-global-color-5)","background-image":"","background-repeat":"repeat","background-position":"center center","background-size":"auto","background-attachment":"scroll","background-type":"","background-media":"","overlay-type":"","overlay-color":"","overlay-gradient":""},"mobile":{"background-color":"var(--ast-global-color-5)","background-image":"","background-repeat":"repeat","background-position":"center center","background-size":"auto","background-attachment":"scroll","background-type":"","background-media":"","overlay-type":"","overlay-color":"","overlay-gradient":""}},"footnotes":""},"class_list":["post-2","page","type-page","status-publish","hentry"],"_links":{"self":[{"href":"https:\/\/asian-corner.pl\/index.php?rest_route=\/wp\/v2\/pages\/2","targetHints":{"allow":["GET"]}}],"collection":[{"href":"https:\/\/asian-corner.pl\/index.php?rest_route=\/wp\/v2\/pages"}],"about":[{"href":"https:\/\/asian-corner.pl\/index.php?rest_route=\/wp\/v2\/types\/page"}],"author":[{"embeddable":true,"href":"https:\/\/asian-corner.pl\/index.php?rest_route=\/wp\/v2\/users\/1"}],"replies":[{"embeddable":true,"href":"https:\/\/asian-corner.pl\/index.php?rest_route=%2Fwp%2Fv2%2Fcomments&post=2"}],"version-history":[{"count":3,"href":"https:\/\/asian-corner.pl\/index.php?rest_route=\/wp\/v2\/pages\/2\/revisions"}],"predecessor-version":[{"id":1790,"href":"https:\/\/asian-corner.pl\/index.php?rest_route=\/wp\/v2\/pages\/2\/revisions\/1790"}],"wp:attachment":[{"href":"https:\/\/asian-corner.pl\/index.php?rest_route=%2Fwp%2Fv2%2Fmedia&parent=2"}],"curies":[{"name":"wp","href":"https:\/\/api.w.org\/{rel}","templated":true}]}}